{"id":163,"date":"2020-01-22T14:15:47","date_gmt":"2020-01-22T14:15:47","guid":{"rendered":"http:\/\/old-north.co.uk\/wordpress\/?page_id=163"},"modified":"2022-04-18T08:13:29","modified_gmt":"2022-04-18T08:13:29","slug":"annales-cambriae","status":"publish","type":"page","link":"http:\/\/old-north.co.uk\/wordpress\/?page_id=163","title":{"rendered":"Annales Cambriae"},"content":{"rendered":"\n<p>The&nbsp;<em>Annales Cambriae&nbsp;<\/em>&#8216;Annals of Wales&#8217; is an early medieval record of events in Britain between&nbsp;<em>c.<\/em>450 and&nbsp;<em>c.<\/em>995 (with some later additions). It is believed that the section from&nbsp;ad&nbsp;613-777 is partly or largely derived from a work of northern origin, so is of particular interest to the study of the Old North.<\/p>\n\n\n\n<p>There are several copies of the manuscript. The text below is largely translated from MS A., with some additions made from MSS. B and C given in brackets.&nbsp;<\/p>\n\n\n\n<h3 class=\"wp-block-heading\">Notes from the&nbsp;<em>Annales<\/em><\/h3>\n\n\n\n<figure class=\"wp-block-table\"><table class=\"\"><tbody><tr><td><strong>457<\/strong><\/td><td><strong>Saint Patrick was carried to the Lord.<\/strong><\/td><\/tr><tr><td><strong>516<\/strong><\/td><td><strong>The Battle of Badon\u00a0[<em>Bellum Badonis<\/em>]\u00a0in which Arthur bore the cross of Our Lord Jesus Christ for three days and three nights on his shoulders,* and the Britons were victorious.<\/strong><\/td><\/tr><tr><td>&nbsp;<\/td><td>* This is probably an early mistranslation in which W.&nbsp;<em>ysgwyd&nbsp;<\/em>&#8216;shield&#8217; was taken to be&nbsp;<em>ysgwydd&nbsp;<\/em>&#8216;shoulder&#8217;, no doubt a mistake influenced by the image of Christ carrying his own cross.<\/td><\/tr><tr><td><strong>537<\/strong><\/td><td><strong>The Battle of Camlann\u00a0[<em>Gueith Camlann<\/em>]\u00a0in which Arthur and Modred\u00a0[<em>Medraut<\/em>]fell; and there was mortality in Britain and Ireland.<\/strong><\/td><\/tr><tr><td><strong>573<\/strong><\/td><td><strong>The Battle of Arfderydd* (between the sons of Eliffer\u00a0[<em>Elifer<\/em>]\u00a0and Gwenddoleu\u00a0[<em>Guendoleu<\/em>]\u00a0son of Ceidio[<em>Keidiau<\/em>]; in which battle Gwenddoleu fell. Merlin\u00a0[<em>Merlinus<\/em>]\u00a0is made insane).<\/strong><\/td><\/tr><tr><td>&nbsp;<\/td><td>* variously spelled&nbsp;<em>Bellum Armterid \/ Erderit \/ Arderit<\/em>.<\/td><\/tr><tr><td><strong>580<\/strong><\/td><td><strong>Gwrgi<sup>1<\/sup>and Peredur<em><sup>2<\/sup>\u00a0<\/em>(sons of Eliffer) die.<\/strong><\/td><\/tr><tr><td>&nbsp;<\/td><td>1.<em>&nbsp;Guurci \/ Gurgi.&nbsp;&nbsp;<\/em>2.&nbsp;<em>Peretur<\/em><\/td><\/tr><tr><td><strong>595<\/strong><\/td><td><strong>King Dunod* dies.<\/strong><\/td><\/tr><tr><td>&nbsp;<\/td><td>*&nbsp;<em>Dunaut \/<\/em>&nbsp;<em>Dunaud&nbsp;<\/em>\/&nbsp;<em>Dunauut son of Pabo&nbsp;<\/em>(Pabo Post Prydain)<\/td><\/tr><tr><td><strong>607<\/strong><\/td><td><strong>\u00c1ed\u00e1n son of Gabr\u00e1n* dies.<\/strong><\/td><\/tr><tr><td>&nbsp;<\/td><td>*<em>Aidan map Gabran \/<\/em>&nbsp;<em>filius Gawran&nbsp;<\/em>(king of D\u00e1l Riada)<\/td><\/tr><tr><td><strong>612<\/strong><\/td><td><strong>Kentigern\u00a0[<em>Conthigirni\u00a0<\/em>\/\u00a0<em>Chendeirn<\/em>]\u00a0dies<\/strong><\/td><\/tr><tr><td><strong>613<\/strong><\/td><td><strong>The Battle of Chester\u00a0[<em>Gueith Cair Legion<\/em>]<em>,<\/em>\u00a0and there\u00a0<em>Selim\u00a0<\/em>son of\u00a0<em>Cinan\u00a0<\/em>fell. And\u00a0<em>Iacob<\/em>\u00a0son of\u00a0<em>Beli\u00a0<\/em>slept.*<\/strong><\/td><\/tr><tr><td>&nbsp;<\/td><td>* also: (B) &#8220;<em>Bellum Kairlion<\/em>, in which&nbsp;<em>Seysil&nbsp;<\/em>son of&nbsp;<em>Chinan<\/em>&nbsp;et&nbsp;<em>Iacob&nbsp;<\/em>son of&nbsp;<em>Beli&nbsp;<\/em>died.&#8221;; (C) &#8220;<em>Bellum Caer Legion<\/em>, in which&nbsp;<em>Silla<\/em>&nbsp;son of&nbsp;<em>Kenan&nbsp;<\/em>fell.&#8221;<\/td><\/tr><tr><td><strong>617<\/strong><\/td><td><strong>Edwin* begins to reign.<\/strong><\/td><\/tr><tr><td>&nbsp;<\/td><td>*<em>Etguin \/ Guin<\/em>. (king of Deira)<\/td><\/tr><tr><td><strong>626<\/strong><\/td><td><strong>Edwin<sup>1<\/sup>\u00a0is baptized; and Rhun<sup>2<\/sup>\u00a0son of Urien<sup>3<\/sup>\u00a0baptized him.<sup>4<\/sup><\/strong><\/td><\/tr><tr><td>&nbsp;<\/td><td>1.&nbsp;<em>Etguin<\/em>. 2.&nbsp;<em>Run<\/em>. 3.&nbsp;<em>Urbgen<\/em>&nbsp;(king of Rheged). 4. MS B. says that Paulinus, Bishop of York [<em>Paulino episcopo Eboracensi<\/em>] baptized Edwin. This disagreement also occurs between Bede and Nennius.<\/td><\/tr><tr><td><strong>627<\/strong><\/td><td><strong>Beli* dies.<\/strong><\/td><\/tr><tr><td>&nbsp;<\/td><td>*<em>Belin<\/em>, this may be Beli ap Neithon, king of Al Clud.<\/td><\/tr><tr><td><strong>630<\/strong><\/td><td><strong>The Battle of\u00a0<em>Meiceren<\/em>;<sup>1<\/sup>\u00a0and there Edwin<sup>2<\/sup>\u00a0is destroyed with two of his sons; while Cadwallon<sup>3<\/sup>\u00a0was the victor.<\/strong><\/td><\/tr><tr><td>&nbsp;<\/td><td>1.&nbsp;<em>Gueith Meiceren \/ Bellum Meigen<\/em>, known as the Battle of Hatfield Chase in English. 2.&nbsp;<em>Etguin \/<\/em>&nbsp;<em>Edwinus.&nbsp;<\/em>3.&nbsp;<em>Catguollaaun \/ Catwallaun<\/em>.<\/td><\/tr><tr><td><strong>631<\/strong><\/td><td><strong>The Battle of\u00a0<em>Cantscaul<\/em>, in which Cadwallon\u00a0[<em>Catguollan<\/em>]\u00a0fell.<\/strong><\/td><\/tr><tr><td><strong>644<\/strong><\/td><td><strong>The Battle of\u00a0<em>Cocboy<\/em>,<sup>1<\/sup>\u00a0in which Oswald, king of Northumbria,<sup>2<\/sup>\u00a0and Eowa,<sup>3<\/sup>\u00a0king of Mercia<sup>4<\/sup>\u00a0died.<\/strong><\/td><\/tr><tr><td>&nbsp;<\/td><td>1. also&nbsp;<em>Chochui<\/em>. 2.&nbsp;<em>Nordorum \/ Nodorum<\/em>. 3.&nbsp;<em>Eoba \/ Edda<\/em>. 4.&nbsp;<em>Merciorum<\/em><\/td><\/tr><tr><td><strong>658<\/strong><\/td><td><strong>Oswy* came and led the plunder.<\/strong><\/td><\/tr><tr><td>&nbsp;<\/td><td>*<em>Osguid \/<\/em>&nbsp;<em>Oswid&nbsp;<\/em>(Northumbria).<\/td><\/tr><tr><td><strong>665<\/strong><\/td><td><strong>The first Easter which the Saxons celebrated. The second Battle of Badon\u00a0[<em>Bellum Badonis<\/em>]. Morgan\u00a0[<em>Morcant<\/em>]\u00a0dies.<\/strong><\/td><\/tr><tr><td><strong>669<\/strong><\/td><td><strong>Oswy,* king of the Saxons, dies.<\/strong><\/td><\/tr><tr><td><\/td><td>*<em>Osguid<\/em>&nbsp;<em>\/ Oswid&nbsp;<\/em>(Northumbria).<\/td><\/tr><tr><td><strong>704<\/strong><\/td><td><strong>Ealdfrith,* king of the Saxons, dies.<\/strong><\/td><\/tr><tr><td>&nbsp;<\/td><td>*<em>Alchfrid \/ Aelfrid \/ Adelstan&nbsp;<\/em>(Northumbria).<\/td><\/tr><tr><td><strong>717<\/strong><\/td><td><strong>Osred,* king of the Saxons, dies.<\/strong><\/td><\/tr><tr><td>&nbsp;<\/td><td>*<em>Osbrit \/Osfrit&nbsp;<\/em>(Northumbria).<\/td><\/tr><tr><td><strong>722<\/strong><\/td><td><strong>Beli son of Elffin* dies<\/strong><\/td><\/tr><tr><td>&nbsp;<\/td><td>*<em>Elfin \/ Elphini \/ Elphin&nbsp;<\/em>(Al Clud).<\/td><\/tr><tr><td><strong>735<\/strong><\/td><td><strong>Bede\u00a0[<em>Beda<\/em>]\u00a0the priest dies.<\/strong><\/td><\/tr><tr><td><strong>736<\/strong><\/td><td><strong>E\u00f3gan,* king of the Picts, dies.<\/strong><\/td><\/tr><tr><td>&nbsp;<\/td><td>*<em>Ougen \/<\/em>&nbsp;<em>Owinus \/ Oweyn<\/em><\/td><\/tr><tr><td><strong>750<\/strong><\/td><td><strong>War between the Picts and the Britons, that is the Battle of Mugdock,<sup>1<\/sup>\u00a0and their king Talorc<sup>2<\/sup>\u00a0was killed by the Britons. Tewdwr son of Beli<sup>3<\/sup>\u00a0died.<\/strong><\/td><\/tr><tr><td>&nbsp;<\/td><td>1.&nbsp;<em>gueith Mocetauc<\/em>. 2.&nbsp;<em>Talargan.&nbsp;&nbsp;<\/em>3.&nbsp;<em>Teudubr filius Beli \/ Teudur filius Beli \/ Teudubr ab Heli&nbsp;<\/em>(Al Clud)<\/td><\/tr><tr><td><strong>745<\/strong><\/td><td><strong>Rhodri<em>,*<\/em>\u00a0king of the Britons, dies.<\/strong><\/td><\/tr><tr><td>&nbsp;<\/td><td>*<em>Rotri \/ Rodri&nbsp;<\/em>(Al Clud).<\/td><\/tr><tr><td><strong>760<\/strong><\/td><td><strong>War between the Britons and Saxons, that is the Battle of Hereford,<sup>1<\/sup>\u00a0and Dyfnwal<sup>2<\/sup>\u00a0son of Tewdwr<sup>3<\/sup>\u00a0dies.<\/strong><\/td><\/tr><tr><td>&nbsp;<\/td><td>1.&nbsp;<em>Hirford<\/em>. 2.&nbsp;<em>Dunagual \/ Denawal<\/em>. 3.&nbsp;<em>Teudubr \/ Teudur&nbsp;<\/em>(Al Clud).<\/td><\/tr><tr><td><strong>776<\/strong><\/td><td><strong>Cin\u00e1ed,* king of the Picts, dies<\/strong><\/td><\/tr><tr><td>&nbsp;<\/td><td>*<em>Cemoyd \/ Chemoith<\/em><\/td><\/tr><tr><td><strong>777<\/strong><\/td><td><strong>Abbot Cuthbert* dies<\/strong><\/td><\/tr><tr><td>&nbsp;<\/td><td>*<em>Cudberth \/ Cubertus \/ Cudbertus<\/em><\/td><\/tr><tr><td><strong>856<\/strong><\/td><td><strong>Cin\u00e1ed,* king of the Picts, dies<\/strong><\/td><\/tr><tr><td>&nbsp;<\/td><td>*<em>Cemoyth \/ Ceinod<\/em><\/td><\/tr><tr><td><strong>866<\/strong><\/td><td><strong>The city of York<sup>1<\/sup>\u00a0is laid waste; it is the Battle of the Black Lake.<sup>2<\/sup><\/strong><\/td><\/tr><tr><td>&nbsp;<\/td><td>1.&nbsp;<em>Urbs Ebrauc \/ Ebrauci<\/em>.&nbsp; 2.&nbsp;<em>cat Dub gint \/ Cat Du lin&nbsp;<\/em>(this may mean the Battle of Dublin)<\/td><\/tr><tr><td><strong>869<\/strong><\/td><td><strong>The stronghold of Dumbarton Rock is destroyed by pagans.<\/strong><\/td><\/tr><tr><td>&nbsp;<\/td><td>&#8220;<em>Arx Alt-Clut a gentilibus fracta est<\/em>.&#8221;<\/td><\/tr><tr><td><strong>946<\/strong><\/td><td><strong>And Strathclyde\u00a0[<em>Strat Clut<\/em>]\u00a0is laid waste by the Saxons.<\/strong><\/td><\/tr><tr><td><strong>1014<\/strong><\/td><td><strong>Owain<sup>1<\/sup>\u00a0son of Dyfnwal<sup>2<\/sup>\u00a0is killed.<\/strong><\/td><\/tr><tr><td>&nbsp;<\/td><td>1.<em>&nbsp;Owinus<\/em>, Owen the Bald of Strathclyde. 2.&nbsp;<em>Dunawal<\/em><\/td><\/tr><\/tbody><\/table><\/figure>\n","protected":false},"excerpt":{"rendered":"<p>The&nbsp;Annales Cambriae&nbsp;&#8216;Annals of Wales&#8217; is an early medieval record of events in Britain between&nbsp;c.450 and&nbsp;c.995 (with some later additions). It&hellip;<\/p>\n","protected":false},"author":1,"featured_media":0,"parent":160,"menu_order":0,"comment_status":"closed","ping_status":"closed","template":"","meta":[],"_links":{"self":[{"href":"http:\/\/old-north.co.uk\/wordpress\/index.php?rest_route=\/wp\/v2\/pages\/163"}],"collection":[{"href":"http:\/\/old-north.co.uk\/wordpress\/index.php?rest_route=\/wp\/v2\/pages"}],"about":[{"href":"http:\/\/old-north.co.uk\/wordpress\/index.php?rest_route=\/wp\/v2\/types\/page"}],"author":[{"embeddable":true,"href":"http:\/\/old-north.co.uk\/wordpress\/index.php?rest_route=\/wp\/v2\/users\/1"}],"replies":[{"embeddable":true,"href":"http:\/\/old-north.co.uk\/wordpress\/index.php?rest_route=%2Fwp%2Fv2%2Fcomments&post=163"}],"version-history":[{"count":3,"href":"http:\/\/old-north.co.uk\/wordpress\/index.php?rest_route=\/wp\/v2\/pages\/163\/revisions"}],"predecessor-version":[{"id":167,"href":"http:\/\/old-north.co.uk\/wordpress\/index.php?rest_route=\/wp\/v2\/pages\/163\/revisions\/167"}],"up":[{"embeddable":true,"href":"http:\/\/old-north.co.uk\/wordpress\/index.php?rest_route=\/wp\/v2\/pages\/160"}],"wp:attachment":[{"href":"http:\/\/old-north.co.uk\/wordpress\/index.php?rest_route=%2Fwp%2Fv2%2Fmedia&parent=163"}],"curies":[{"name":"wp","href":"https:\/\/api.w.org\/{rel}","templated":true}]}}